{"id":518,"date":"2022-12-15T19:31:30","date_gmt":"2022-12-16T01:31:30","guid":{"rendered":"https:\/\/agriskills.ca\/?page_id=518"},"modified":"2023-01-05T20:06:19","modified_gmt":"2023-01-05T20:06:19","slug":"politique-de-confidentialite","status":"publish","type":"page","link":"https:\/\/agriskills.ca\/fr\/politique-de-confidentialite\/","title":{"rendered":"Politique de confidentialit\u00e9"},"content":{"rendered":"\t\t<div data-elementor-type=\"wp-page\" data-elementor-id=\"518\" class=\"elementor elementor-518 elementor-3\" data-elementor-post-type=\"page\">\n\t\t\t\t\t\t<section class=\"elementor-section elementor-top-section elementor-element elementor-element-98b6ab2 elementor-section-boxed elementor-section-height-default elementor-section-height-default\" data-id=\"98b6ab2\" data-element_type=\"section\" data-settings=\"{&quot;background_background&quot;:&quot;classic&quot;}\">\n\t\t\t\t\t\t<div class=\"elementor-container elementor-column-gap-default\">\n\t\t\t\t\t<div class=\"elementor-column elementor-col-100 elementor-top-column elementor-element elementor-element-1abf98f\" data-id=\"1abf98f\" data-element_type=\"column\">\n\t\t\t<div class=\"elementor-widget-wrap elementor-element-populated\">\n\t\t\t\t\t\t<div class=\"elementor-element elementor-element-99e69a3 elementor-widget elementor-widget-heading\" data-id=\"99e69a3\" data-element_type=\"widget\" data-widget_type=\"heading.default\">\n\t\t\t\t<div class=\"elementor-widget-container\">\n\t\t\t\t\t<h1 class=\"elementor-heading-title elementor-size-default\">Politique de confidentialit\u00e9<\/h1>\t\t\t\t<\/div>\n\t\t\t\t<\/div>\n\t\t\t\t\t<\/div>\n\t\t<\/div>\n\t\t\t\t\t<\/div>\n\t\t<\/section>\n\t\t\t\t<section class=\"elementor-section elementor-top-section elementor-element elementor-element-10f91bd elementor-section-boxed elementor-section-height-default elementor-section-height-default\" data-id=\"10f91bd\" data-element_type=\"section\">\n\t\t\t\t\t\t<div class=\"elementor-container elementor-column-gap-default\">\n\t\t\t\t\t<div class=\"elementor-column elementor-col-100 elementor-top-column elementor-element elementor-element-23145ad\" data-id=\"23145ad\" data-element_type=\"column\">\n\t\t\t<div class=\"elementor-widget-wrap elementor-element-populated\">\n\t\t\t\t\t\t<div class=\"elementor-element elementor-element-b865859 elementor-widget elementor-widget-spacer\" data-id=\"b865859\" data-element_type=\"widget\" data-widget_type=\"spacer.default\">\n\t\t\t\t<div class=\"elementor-widget-container\">\n\t\t\t\t\t\t\t<div class=\"elementor-spacer\">\n\t\t\t<div class=\"elementor-spacer-inner\"><\/div>\n\t\t<\/div>\n\t\t\t\t\t\t<\/div>\n\t\t\t\t<\/div>\n\t\t\t\t\t<\/div>\n\t\t<\/div>\n\t\t\t\t\t<\/div>\n\t\t<\/section>\n\t\t\t\t<section class=\"elementor-section elementor-top-section elementor-element elementor-element-7eb97e3 elementor-section-boxed elementor-section-height-default elementor-section-height-default\" data-id=\"7eb97e3\" data-element_type=\"section\">\n\t\t\t\t\t\t<div class=\"elementor-container elementor-column-gap-default\">\n\t\t\t\t\t<div class=\"elementor-column elementor-col-100 elementor-top-column elementor-element elementor-element-8ab66c9\" data-id=\"8ab66c9\" data-element_type=\"column\">\n\t\t\t<div class=\"elementor-widget-wrap elementor-element-populated\">\n\t\t\t\t\t\t<div class=\"elementor-element elementor-element-91dd219 elementor-widget elementor-widget-text-editor\" data-id=\"91dd219\" data-element_type=\"widget\" data-widget_type=\"text-editor.default\">\n\t\t\t\t<div class=\"elementor-widget-container\">\n\t\t\t\t\t\t\t\t\t<p>Le Conseil canadien pour les ressources humaines en agriculture (CCRHA) s\u2019engage \u00e0 prot\u00e9ger les renseignements personnels et \u00e0 se conformer aux lois canadiennes sur la confidentialit\u00e9, incluant la Loi sur la protection des renseignements personnels et des documents \u00e9lectroniques.<\/p><p>Le but de ce document est de clarifier ce qu\u2019est un \u00ab renseignement personnel \u00bb ainsi que la politique du CCRHA concernant la collection, l\u2019utilisation et la divulgation de renseignements et les droits des individus \u00e0 cet \u00e9gard.<\/p><p>Les \u00ab renseignements personnels \u00bb sont constitu\u00e9s d\u2019informations qui permettent d\u2019identifier un individu, tel son nom, son adresse \u00e0 domicile, son num\u00e9ro de t\u00e9l\u00e9phone ou son adresse courriel \u00e0 domicile, etc., ou ceux qui sont directement associ\u00e9es \u00e0 une personne sp\u00e9cifique, tel que de l\u2019information concernant sa carte de cr\u00e9dit. Tout renseignement personnel de ce genre est trait\u00e9 de fa\u00e7on strictement confidentielle par le CCHRA et n\u2019est pas vendu ni lou\u00e9 \u00e0 une tierce partie. Le conseil doit, \u00e0 l\u2019occasion, fournir des donn\u00e9es et des statistiques, tir\u00e9s des renseignements qu\u2019elle conserve, aux autorit\u00e9s gouvernementales ou \u00e0 d\u2019autres organismes de connexes. Dans ces cas, aucun renseignement pouvant mener sp\u00e9cifiquement \u00e0 l\u2019identification d\u2019un individu n\u2019est pas divulgu\u00e9.<\/p>\t\t\t\t\t\t\t\t<\/div>\n\t\t\t\t<\/div>\n\t\t\t\t\t<\/div>\n\t\t<\/div>\n\t\t\t\t\t<\/div>\n\t\t<\/section>\n\t\t\t\t<\/div>\n\t\t","protected":false},"excerpt":{"rendered":"<p>Le Conseil canadien pour les ressources humaines en agriculture (CCRHA) s\u2019engage \u00e0 prot\u00e9ger les renseignements personnels et \u00e0 se conformer aux lois canadiennes sur la confidentialit\u00e9, incluant la Loi sur la protection des renseignements personnels et des documents \u00e9lectroniques. Le but de ce document est de clarifier ce qu\u2019est un \u00ab renseignement personnel \u00bb ainsi [&hellip;]<\/p>\n","protected":false},"author":1,"featured_media":0,"parent":0,"menu_order":0,"comment_status":"closed","ping_status":"open","template":"","meta":{"site-sidebar-layout":"no-sidebar","site-content-layout":"page-builder","ast-site-content-layout":"default","site-content-style":"default","site-sidebar-style":"default","ast-global-header-display":"","ast-banner-title-visibility":"","ast-main-header-display":"","ast-hfb-above-header-display":"","ast-hfb-below-header-display":"","ast-hfb-mobile-header-display":"","site-post-title":"disabled","ast-breadcrumbs-content":"","ast-featured-img":"disabled","footer-sml-layout":"","theme-transparent-header-meta":"","adv-header-id-meta":"","stick-header-meta":"","header-above-stick-meta":"","header-main-stick-meta":"","header-below-stick-meta":"","astra-migrate-meta-layouts":"default","ast-page-background-enabled":"default","ast-page-background-meta":{"desktop":{"background-color":"var(--ast-global-color-4)","background-image":"","background-repeat":"repeat","background-position":"center center","background-size":"auto","background-attachment":"scroll","background-type":"","background-media":"","overlay-type":"","overlay-color":"","overlay-opacity":"","overlay-gradient":""},"tablet":{"background-color":"","background-image":"","background-repeat":"repeat","background-position":"center center","background-size":"auto","background-attachment":"scroll","background-type":"","background-media":"","overlay-type":"","overlay-color":"","overlay-opacity":"","overlay-gradient":""},"mobile":{"background-color":"","background-image":"","background-repeat":"repeat","background-position":"center center","background-size":"auto","background-attachment":"scroll","background-type":"","background-media":"","overlay-type":"","overlay-color":"","overlay-opacity":"","overlay-gradient":""}},"ast-content-background-meta":{"desktop":{"background-color":"var(--ast-global-color-5)","background-image":"","background-repeat":"repeat","background-position":"center center","background-size":"auto","background-attachment":"scroll","background-type":"","background-media":"","overlay-type":"","overlay-color":"","overlay-opacity":"","overlay-gradient":""},"tablet":{"background-color":"var(--ast-global-color-5)","background-image":"","background-repeat":"repeat","background-position":"center center","background-size":"auto","background-attachment":"scroll","background-type":"","background-media":"","overlay-type":"","overlay-color":"","overlay-opacity":"","overlay-gradient":""},"mobile":{"background-color":"var(--ast-global-color-5)","background-image":"","background-repeat":"repeat","background-position":"center center","background-size":"auto","background-attachment":"scroll","background-type":"","background-media":"","overlay-type":"","overlay-color":"","overlay-opacity":"","overlay-gradient":""}},"footnotes":""},"class_list":["post-518","page","type-page","status-publish","hentry"],"_links":{"self":[{"href":"https:\/\/agriskills.ca\/fr\/wp-json\/wp\/v2\/pages\/518","targetHints":{"allow":["GET"]}}],"collection":[{"href":"https:\/\/agriskills.ca\/fr\/wp-json\/wp\/v2\/pages"}],"about":[{"href":"https:\/\/agriskills.ca\/fr\/wp-json\/wp\/v2\/types\/page"}],"author":[{"embeddable":true,"href":"https:\/\/agriskills.ca\/fr\/wp-json\/wp\/v2\/users\/1"}],"replies":[{"embeddable":true,"href":"https:\/\/agriskills.ca\/fr\/wp-json\/wp\/v2\/comments?post=518"}],"version-history":[{"count":5,"href":"https:\/\/agriskills.ca\/fr\/wp-json\/wp\/v2\/pages\/518\/revisions"}],"predecessor-version":[{"id":523,"href":"https:\/\/agriskills.ca\/fr\/wp-json\/wp\/v2\/pages\/518\/revisions\/523"}],"wp:attachment":[{"href":"https:\/\/agriskills.ca\/fr\/wp-json\/wp\/v2\/media?parent=518"}],"curies":[{"name":"wp","href":"https:\/\/api.w.org\/{rel}","templated":true}]}}